{"id":29,"date":"2021-01-13T09:30:40","date_gmt":"2021-01-13T09:30:40","guid":{"rendered":"http:\/\/wordpress.dev.sk\/?page_id=29"},"modified":"2021-11-24T12:37:53","modified_gmt":"2021-11-24T12:37:53","slug":"rolunk","status":"publish","type":"page","link":"https:\/\/crprofil.com\/hu\/rolunk\/","title":{"rendered":"R\u00f3lunk"},"content":{"rendered":"\n<h2 class=\"wp-block-heading\">Minden egy fed\u00e9l alatt <\/h2>\n\n\n\n<p>Ha r\u00f6viden k\u00e9ne jellemezn\u00fcnk magunkat, tal\u00e1n \u00fagy mondan\u00e1nk: egyszer\u0171 emberek, nagyszer\u0171 szakemberek! Teljesk\u00f6r\u0171 szolg\u00e1ltat\u00e1st ny\u00fajtunk v\u00e1llalkoz\u00e1sodnak, legyen sz\u00f3 ak\u00e1r arculattervez\u00e9sr\u0151l, c\u00e9ges weboldalad, web\u00e1ruh\u00e1zad elk\u00e9sz\u00edt\u00e9s\u00e9r\u0151l vagy online marketing kamp\u00e1nyaid megtervez\u00e9s\u00e9r\u0151l. Az \u00e9vek alatt megszerzett tud\u00e1sunkkal \u00e9s tapasztalatunkkal seg\u00edts\u00e9gedre lesz\u00fcnk, hogy el\u00e9rd a kit\u0171z\u00f6tt \u00fczleti c\u00e9ljaid.<\/p>\n\n\n\n<p>Egy digit\u00e1lis megold\u00e1s l\u00e9trehoz\u00e1sa sz\u00e1munkra nem csup\u00e1n munka. Sokkal ink\u00e1bb kih\u00edv\u00e1s, amelyet igyeksz\u00fcnk a lehet\u0151 legmagasabb szinten megoldani. C\u00e9ltudatos emberek vagyunk, akik az innov\u00e1ci\u00f3k \u00fatj\u00e1n haladva folyamatosan fejl\u0151dnek. K\u00f6zben figyel\u00fcnk arra, hogy ne \u0151r\u00f6lj\u00f6n fel minket a napi rutin, \u00e9s meg tudjuk \u0151rizni munk\u00e1nk sor\u00e1n a j\u00f3kedv\u0171 kreativit\u00e1st.<\/p>\n\n\n\n<ul class=\"wp-block-list\"><li><strong>Szeretj\u00fck, amit csin\u00e1lunk<\/strong>,&nbsp;\u00e9s n\u00e1lunk a te sikered a legfontosabb<\/li><li><strong>Nem sablonokat haszn\u00e1lunk<\/strong>,&nbsp;egyedi megold\u00e1sokat k\u00edn\u00e1lunk neked<\/li><li><strong>Folyamatosan fejlesztj\u00fck magunkat<\/strong>,&nbsp;munk\u00e1ink k\u00f6vetik a modern trendeket<\/li><li>Fontos sz\u00e1munkra az \u00fcgyfeleinkkel val\u00f3&nbsp;<strong>korrekt kommunik\u00e1ci\u00f3<\/strong><\/li><li>N\u00e9zd meg munk\u00e1inkat, \u00e9s&nbsp;<strong>gy\u0151z\u0151dj meg a kreativit\u00e1sunkr\u00f3l<\/strong><\/li><\/ul>\n\n\n\n<h2 class=\"wp-block-heading\">Kreativit\u00e1s \u00e9s tapasztalat <\/h2>\n\n\n\n<p>Nagy hangs\u00falyt fektet\u00fcnk arra, hogy az \u00e1ltalunk szerkesztett online fel\u00fcletek k\u00f6vess\u00e9k a friss trendeket, ez\u00e1ltal egyedis\u00e9get k\u00f6lcs\u00f6n\u00f6znek megjelen\u00e9sednek. Szeretj\u00fck a sz\u00e9p dolgokat, de ami\u00e9rt igaz\u00e1n rajongunk, azok a sz\u00e9p \u00e9s m\u0171k\u00f6d\u0151 megold\u00e1sok.<\/p>\n","protected":false},"excerpt":{"rendered":"<p>Minden egy fed\u00e9l alatt Ha r\u00f6viden k\u00e9ne jellemezn\u00fcnk magunkat, tal\u00e1n \u00fagy mondan\u00e1nk: egyszer\u0171 emberek, nagyszer\u0171 szakemberek! Teljesk\u00f6r\u0171 szolg\u00e1ltat\u00e1st ny\u00fajtunk v\u00e1llalkoz\u00e1sodnak, legyen sz\u00f3 ak\u00e1r arculattervez\u00e9sr\u0151l, c\u00e9ges weboldalad, web\u00e1ruh\u00e1zad elk\u00e9sz\u00edt\u00e9s\u00e9r\u0151l vagy online marketing kamp\u00e1nyaid megtervez\u00e9s\u00e9r\u0151l. Az \u00e9vek alatt megszerzett tud\u00e1sunkkal \u00e9s tapasztalatunkkal seg\u00edts\u00e9gedre lesz\u00fcnk, hogy el\u00e9rd a kit\u0171z\u00f6tt \u00fczleti c\u00e9ljaid. Egy digit\u00e1lis megold\u00e1s l\u00e9trehoz\u00e1sa sz\u00e1munkra nem csup\u00e1n [&hellip;]<\/p>\n","protected":false},"author":1,"featured_media":844,"parent":0,"menu_order":0,"comment_status":"closed","ping_status":"closed","template":"","meta":{"inline_featured_image":false,"footnotes":""},"class_list":["post-29","page","type-page","status-publish","has-post-thumbnail","hentry"],"_links":{"self":[{"href":"https:\/\/crprofil.com\/hu\/wp-json\/wp\/v2\/pages\/29","targetHints":{"allow":["GET"]}}],"collection":[{"href":"https:\/\/crprofil.com\/hu\/wp-json\/wp\/v2\/pages"}],"about":[{"href":"https:\/\/crprofil.com\/hu\/wp-json\/wp\/v2\/types\/page"}],"author":[{"embeddable":true,"href":"https:\/\/crprofil.com\/hu\/wp-json\/wp\/v2\/users\/1"}],"replies":[{"embeddable":true,"href":"https:\/\/crprofil.com\/hu\/wp-json\/wp\/v2\/comments?post=29"}],"version-history":[{"count":8,"href":"https:\/\/crprofil.com\/hu\/wp-json\/wp\/v2\/pages\/29\/revisions"}],"predecessor-version":[{"id":430,"href":"https:\/\/crprofil.com\/hu\/wp-json\/wp\/v2\/pages\/29\/revisions\/430"}],"wp:featuredmedia":[{"embeddable":true,"href":"https:\/\/crprofil.com\/hu\/wp-json\/wp\/v2\/media\/844"}],"wp:attachment":[{"href":"https:\/\/crprofil.com\/hu\/wp-json\/wp\/v2\/media?parent=29"}],"curies":[{"name":"wp","href":"https:\/\/api.w.org\/{rel}","templated":true}]}}